{"id":89,"date":"2025-06-05T12:14:06","date_gmt":"2025-06-05T12:14:06","guid":{"rendered":"https:\/\/gruenberg-itconsulting.de\/?page_id=89"},"modified":"2025-06-05T12:14:06","modified_gmt":"2025-06-05T12:14:06","slug":"dienstleistungen","status":"publish","type":"page","link":"https:\/\/gruenberg-itconsulting.de\/?page_id=89","title":{"rendered":"Dienstleistungen"},"content":{"rendered":"\n<p class=\"has-medium-font-size\">Unsere Expertise f\u00fcr Ihren Erfolg<\/p>\n\n\n\n<p><strong>ERP-Beratung &amp; Entwicklung (Microsoft Dynamics)<\/strong><\/p>\n\n\n\n<p>Tiefgehendes Know-how in Microsoft Dynamics 365 Business Central und Dynamics NAV. Wir beraten Sie umfassend \u2013 von der Erstanalyse \u00fcber die Implementierung und Anpassung bis hin zur laufenden Betreuung und Schulung Ihrer Mitarbeiter. Gemeinsam heben wir das volle Potenzial Ihrer ERP-Software.<\/p>\n\n\n\n<p><strong>Digitalisierung von Gesch\u00e4ftsprozessen<\/strong><\/p>\n\n\n\n<p>Wir analysieren Ihre bestehenden Prozesse in Schl\u00fcsselbereichen wie Produktion, Einkauf, Verkauf und Lagerhaltung. Auf dieser Basis entwickeln wir digitale L\u00f6sungen, die Ihre Effizienz steigern, Kosten senken und die Zusammenarbeit verbessern.<\/p>\n\n\n\n<p><strong>Schnittstellenentwicklung &amp; Integration<\/strong><\/p>\n\n\n\n<p>F\u00fcr einen reibungslosen Datenfluss und eine durchg\u00e4ngige Systemlandschaft entwickeln wir ma\u00dfgeschneiderte Schnittstellen. Ob Anbindung an Ihr Dokumentenmanagementsystem (DMS), Ihre Lagerverwaltungssoftware (LVS) oder andere wichtige Drittanbieterl\u00f6sungen \u2013 wir sorgen f\u00fcr perfekte Konnektivit\u00e4t.<\/p>\n","protected":false},"excerpt":{"rendered":"<p>Unsere Expertise f\u00fcr Ihren Erfolg ERP-Beratung &amp; Entwicklung (Microsoft Dynamics) Tiefgehendes Know-how in Microsoft Dynamics 365 Business Central und Dynamics NAV. Wir beraten Sie umfassend \u2013 von der Erstanalyse \u00fcber die Implementierung und Anpassung bis hin zur laufenden Betreuung und Schulung Ihrer Mitarbeiter. Gemeinsam heben wir das volle Potenzial Ihrer ERP-Software. Digitalisierung von Gesch\u00e4ftsprozessen Wir &hellip; <\/p>\n<p class=\"link-more\"><a href=\"https:\/\/gruenberg-itconsulting.de\/?page_id=89\" class=\"more-link\"><span class=\"screen-reader-text\">\u201eDienstleistungen\u201c <\/span>weiterlesen<\/a><\/p>\n","protected":false},"author":1,"featured_media":0,"parent":0,"menu_order":0,"comment_status":"closed","ping_status":"closed","template":"","meta":{"footnotes":""},"class_list":["post-89","page","type-page","status-publish","hentry"],"_links":{"self":[{"href":"https:\/\/gruenberg-itconsulting.de\/index.php?rest_route=\/wp\/v2\/pages\/89","targetHints":{"allow":["GET"]}}],"collection":[{"href":"https:\/\/gruenberg-itconsulting.de\/index.php?rest_route=\/wp\/v2\/pages"}],"about":[{"href":"https:\/\/gruenberg-itconsulting.de\/index.php?rest_route=\/wp\/v2\/types\/page"}],"author":[{"embeddable":true,"href":"https:\/\/gruenberg-itconsulting.de\/index.php?rest_route=\/wp\/v2\/users\/1"}],"replies":[{"embeddable":true,"href":"https:\/\/gruenberg-itconsulting.de\/index.php?rest_route=%2Fwp%2Fv2%2Fcomments&post=89"}],"version-history":[{"count":3,"href":"https:\/\/gruenberg-itconsulting.de\/index.php?rest_route=\/wp\/v2\/pages\/89\/revisions"}],"predecessor-version":[{"id":99,"href":"https:\/\/gruenberg-itconsulting.de\/index.php?rest_route=\/wp\/v2\/pages\/89\/revisions\/99"}],"wp:attachment":[{"href":"https:\/\/gruenberg-itconsulting.de\/index.php?rest_route=%2Fwp%2Fv2%2Fmedia&parent=89"}],"curies":[{"name":"wp","href":"https:\/\/api.w.org\/{rel}","templated":true}]}}